{"id":9597,"date":"2020-12-18T17:08:02","date_gmt":"2020-12-18T16:08:02","guid":{"rendered":"https:\/\/www.ficosterra.com\/contacto_1\/"},"modified":"2026-01-27T15:48:19","modified_gmt":"2026-01-27T14:48:19","slug":"contact","status":"publish","type":"page","link":"https:\/\/www.ficosterra.com\/en\/contact\/","title":{"rendered":"contact"},"content":{"rendered":"\n<section class=\"wp-block-group noMarginBotom\"><div class=\"wp-block-group__inner-container is-layout-constrained wp-block-group-is-layout-constrained\">\n<h1 class=\"wp-block-heading has-text-align-center\">contact<\/h1>\n\n\n\n<p class=\"has-text-align-center has-black-color has-text-color has-link-color has-medium-font-size wp-elements-7fd245deda583c6e65bdeebcf06426a6\">Espa\u00f1a:\u00a0<a href=\"tel:+34 947 13 50 39\">Tel:\u00a0+34 947 13 50 39 <\/a><\/p>\n\n\n\n<ul class=\"wp-block-social-links has-icon-color has-icon-background-color is-style-default is-content-justification-center is-layout-flex wp-container-core-social-links-is-layout-16018d1d wp-block-social-links-is-layout-flex\"><li style=\"color:#ffffff;background-color:#97cc34;\" class=\"wp-social-link wp-social-link-linkedin has-white-color wp-block-social-link\"><a href=\"https:\/\/www.linkedin.com\/company\/18517413\" class=\"wp-block-social-link-anchor\" target=\"_blank\" rel=\"noopener\"><svg width=\"24\" height=\"24\" viewBox=\"0 0 24 24\" version=\"1.1\" xmlns=\"http:\/\/www.w3.org\/2000\/svg\" aria-hidden=\"true\" focusable=\"false\"><path d=\"M19.7,3H4.3C3.582,3,3,3.582,3,4.3v15.4C3,20.418,3.582,21,4.3,21h15.4c0.718,0,1.3-0.582,1.3-1.3V4.3 C21,3.582,20.418,3,19.7,3z M8.339,18.338H5.667v-8.59h2.672V18.338z M7.004,8.574c-0.857,0-1.549-0.694-1.549-1.548 c0-0.855,0.691-1.548,1.549-1.548c0.854,0,1.547,0.694,1.547,1.548C8.551,7.881,7.858,8.574,7.004,8.574z M18.339,18.338h-2.669 v-4.177c0-0.996-0.017-2.278-1.387-2.278c-1.389,0-1.601,1.086-1.601,2.206v4.249h-2.667v-8.59h2.559v1.174h0.037 c0.356-0.675,1.227-1.387,2.526-1.387c2.703,0,3.203,1.779,3.203,4.092V18.338z\"><\/path><\/svg><span class=\"wp-block-social-link-label screen-reader-text\">LinkedIn<\/span><\/a><\/li>\n\n<li style=\"color:#ffffff;background-color:#97cc34;\" class=\"wp-social-link wp-social-link-youtube has-white-color wp-block-social-link\"><a href=\"https:\/\/www.youtube.com\/channel\/UCOSVf1ECxkdZXbRjMw1wDwA\" class=\"wp-block-social-link-anchor\" target=\"_blank\" rel=\"noopener\"><svg width=\"24\" height=\"24\" viewBox=\"0 0 24 24\" version=\"1.1\" xmlns=\"http:\/\/www.w3.org\/2000\/svg\" aria-hidden=\"true\" focusable=\"false\"><path d=\"M21.8,8.001c0,0-0.195-1.378-0.795-1.985c-0.76-0.797-1.613-0.801-2.004-0.847c-2.799-0.202-6.997-0.202-6.997-0.202 h-0.009c0,0-4.198,0-6.997,0.202C4.608,5.216,3.756,5.22,2.995,6.016C2.395,6.623,2.2,8.001,2.2,8.001S2,9.62,2,11.238v1.517 c0,1.618,0.2,3.237,0.2,3.237s0.195,1.378,0.795,1.985c0.761,0.797,1.76,0.771,2.205,0.855c1.6,0.153,6.8,0.201,6.8,0.201 s4.203-0.006,7.001-0.209c0.391-0.047,1.243-0.051,2.004-0.847c0.6-0.607,0.795-1.985,0.795-1.985s0.2-1.618,0.2-3.237v-1.517 C22,9.62,21.8,8.001,21.8,8.001z M9.935,14.594l-0.001-5.62l5.404,2.82L9.935,14.594z\"><\/path><\/svg><span class=\"wp-block-social-link-label screen-reader-text\">YouTube<\/span><\/a><\/li><\/ul>\n<\/div><\/section>\n\n\n\n<section class=\"wp-block-group alignwide noMarginBotom has-background\" style=\"background-color:#f2f2f2\"><div class=\"wp-block-group__inner-container is-layout-constrained wp-block-group-is-layout-constrained\">\n<div class=\"wp-block-columns is-layout-flex wp-container-core-columns-is-layout-9d6595d7 wp-block-columns-is-layout-flex\">\n<div class=\"wp-block-column is-vertically-aligned-top is-layout-flow wp-block-column-is-layout-flow\" style=\"flex-basis:65%\">\n<h3 class=\"wp-block-heading\">Contact us<\/h3>\n\n\n\n<div class=\"wp-block-contact-form-7-contact-form-selector\">\n<div class=\"wpcf7 no-js\" id=\"wpcf7-f9747-o1\" lang=\"es-ES\" dir=\"ltr\" data-wpcf7-id=\"9747\">\n<div class=\"screen-reader-response\"><p role=\"status\" aria-live=\"polite\" aria-atomic=\"true\"><\/p> <ul><\/ul><\/div>\n<form action=\"\/en\/wp-json\/wp\/v2\/pages\/9597#wpcf7-f9747-o1\" method=\"post\" class=\"wpcf7-form init\" aria-label=\"Formulario de contacto\" novalidate=\"novalidate\" data-status=\"init\">\n<fieldset class=\"hidden-fields-container\"><input type=\"hidden\" name=\"_wpcf7\" value=\"9747\" \/><input type=\"hidden\" name=\"_wpcf7_version\" value=\"6.1.5\" \/><input type=\"hidden\" name=\"_wpcf7_locale\" value=\"es_ES\" \/><input type=\"hidden\" name=\"_wpcf7_unit_tag\" value=\"wpcf7-f9747-o1\" \/><input type=\"hidden\" name=\"_wpcf7_container_post\" value=\"0\" \/><input type=\"hidden\" name=\"_wpcf7_posted_data_hash\" value=\"\" \/>\n<\/fieldset>\n<div class=\"colum one \">\n\t<p><span id=\"wpcf7-69f29e627b3c1-wrapper\" class=\"wpcf7-form-control-wrap honeypot-201-wrap\" style=\"display:none !important; visibility:hidden !important;\"><label for=\"wpcf7-69f29e627b3c1-field\" class=\"hp-message\">Por favor, deja este campo vac\u00edo.<\/label><input id=\"wpcf7-69f29e627b3c1-field\"  class=\"wpcf7-form-control wpcf7-text\" type=\"text\" name=\"honeypot-201\" value=\"\" size=\"40\" tabindex=\"-1\" autocomplete=\"new-password\" \/><\/span>\n\t<\/p>\n\t<div class=\"colum one \">\n\t\t<p><span class=\"wpcf7-form-control-wrap\" data-name=\"your-email\"><input size=\"40\" maxlength=\"400\" class=\"wpcf7-form-control wpcf7-email wpcf7-validates-as-required wpcf7-text wpcf7-validates-as-email\" aria-required=\"true\" aria-invalid=\"false\" placeholder=\"email\" value=\"\" type=\"email\" name=\"your-email\" \/><\/span>\n\t\t<\/p>\n\t<\/div>\n\t<div class=\"colum one \">\n\t\t<p><span class=\"wpcf7-form-control-wrap\" data-name=\"Test\"><select class=\"wpcf7-form-control wpcf7-select wpcf7-validates-as-required\" aria-required=\"true\" aria-invalid=\"false\" name=\"Test\"><option value=\"\">Select type of inquiry<\/option><option value=\"Consultation\">Consultation<\/option><option value=\"Become a distributor or agent\">Become a distributor or agent<\/option><option value=\"Others\">Others<\/option><\/select><\/span>\n\t\t<\/p>\n\t<\/div>\n\t<div class=\"colum one \">\n\t\t<p><span class=\"wpcf7-form-control-wrap\" data-name=\"your-message\"><textarea cols=\"40\" rows=\"10\" maxlength=\"2000\" class=\"wpcf7-form-control wpcf7-textarea\" aria-invalid=\"false\" placeholder=\"message\" name=\"your-message\"><\/textarea><\/span>\n\t\t<\/p>\n\t<\/div>\n\t<p><span class=\"wpcf7-form-control-wrap\" data-name=\"acceptance-350\"><span class=\"wpcf7-form-control wpcf7-acceptance\"><span class=\"wpcf7-list-item\"><label><input type=\"checkbox\" name=\"acceptance-350\" value=\"1\" aria-invalid=\"false\" \/><span class=\"wpcf7-list-item-label\">I accept the <a href=\"https:\/\/www.ficosterra.com\/es\/aviso-legal\/\">Legal Notice<\/a> and the <a href=\"https:\/\/www.ficosterra.com\/es\/politica-de-privacidad\/\">Privacy Policy<\/a><\/span><\/label><\/span><\/span><\/span>\n\t<\/p>\n\t<p><input class=\"wpcf7-form-control wpcf7-submit has-spinner\" type=\"submit\" value=\"send\" \/>\n\t<\/p>\n<\/div><p style=\"display: none !important;\" class=\"akismet-fields-container\" data-prefix=\"_wpcf7_ak_\"><label>&#916;<textarea name=\"_wpcf7_ak_hp_textarea\" cols=\"45\" rows=\"8\" maxlength=\"100\"><\/textarea><\/label><input type=\"hidden\" id=\"ak_js_1\" name=\"_wpcf7_ak_js\" value=\"160\"\/><script type=\"text\/javascript\">\n\/* <![CDATA[ *\/\ndocument.getElementById( \"ak_js_1\" ).setAttribute( \"value\", ( new Date() ).getTime() );\n\/* ]]> *\/\n<\/script>\n<\/p><input type='hidden' class='wpcf7-pum' value='{\"closepopup\":false,\"closedelay\":0,\"openpopup\":false,\"openpopup_id\":0}' \/><div class=\"wpcf7-response-output\" aria-hidden=\"true\"><\/div>\n<\/form>\n<\/div>\n<\/div>\n\n\n\n<p class=\"has-small-font-size\"><strong>Responsable:<\/strong>&nbsp;Ficosterra,SL &#8211;&nbsp;<strong>Finalidad:&nbsp;<\/strong>Prestar servicios solicitados y enviar comunicaciones comerciales &#8211;&nbsp;<strong>Legitimaci\u00f3n:<\/strong>&nbsp;Ejecuci\u00f3n de contrato. Inter\u00e9s leg\u00edtimo del Responsable &#8211;&nbsp;<strong>Destinatarios:<\/strong>&nbsp;Previstas cesiones de datos a: Administraci\u00f3n Tributaria; Entidades financieras&nbsp;<strong>Derechos:<\/strong>&nbsp;Tiene derecho a acceder, rectificar y suprimir los datos, as\u00ed como otros derechos, indicados en la informaci\u00f3n adicional, que puede ejercer dirigi\u00e9ndose a la direcci\u00f3n del responsable del tratamiento &#8211;&nbsp;<strong>Procedencia:&nbsp;<\/strong>El interesado.<\/p>\n<\/div>\n\n\n\n<div class=\"wp-block-column is-vertically-aligned-top is-layout-flow wp-block-column-is-layout-flow\">\n<div class=\"wp-block-group\"><div class=\"wp-block-group__inner-container is-layout-constrained wp-block-group-is-layout-constrained\">\n<p><strong>Factories and distribution<\/strong><\/p>\n\n\n\n<p class=\"has-small-font-size\">Ficosterra<br>L\u00f3pez Bravo, 98<br>09001 Burgos, Spain<\/p>\n\n\n\n<p class=\"has-small-font-size\">Ficosterra Am\u00e9rica<br>Prolongaci\u00f3n R\u00edo Grijalva, 1052<br>22890 Baja California, Mexicoo<\/p>\n<\/div><\/div>\n\n\n\n<hr class=\"wp-block-separator has-alpha-channel-opacity\"\/>\n\n\n\n<div class=\"wp-block-group\"><div class=\"wp-block-group__inner-container is-layout-constrained wp-block-group-is-layout-constrained\">\n<p><strong>Commercial Offices<\/strong><\/p>\n\n\n\n<p>Ficosterra<br>Madrid, Spain<br><a href=\"https:\/\/www.ficosterra.com\/en\/contact\/info@ficosterra.com\">info@ficosterra.com<\/a><br>+34 947 13 50 39<\/p>\n<\/div><\/div>\n\n\n\n<hr class=\"wp-block-separator has-alpha-channel-opacity\"\/>\n\n\n\n<div class=\"wp-block-group\"><div class=\"wp-block-group__inner-container is-layout-constrained wp-block-group-is-layout-constrained\">\n<p><strong>R&amp;D<\/strong><\/p>\n\n\n\n<p><a href=\"https:\/\/institutos.unileon.es\/ingenieria-quimica-ambiental-y-bioprocesos\/\" target=\"_blank\" rel=\"noopener\">Grupo de Ingenier\u00eda Qu\u00edmica, Ambiental y Bioprocesos.<br>UNIVERSIDAD DE LE\u00d3N<\/a><\/p>\n<\/div><\/div>\n<\/div>\n<\/div>\n<\/div><\/section>\n\n\n\n<section class=\"wp-block-group alignwide noMarginBotom distribuidor has-white-color has-text-color has-link-color wp-elements-65a5782574ec8d5996eaf8bd20f98bec\" id=\"saberMas\"><div class=\"wp-block-group__inner-container is-layout-constrained wp-block-group-is-layout-constrained\">\n<div class=\"wp-block-columns saberMasRow is-layout-flex wp-container-core-columns-is-layout-9d6595d7 wp-block-columns-is-layout-flex\">\n<div class=\"wp-block-column is-vertically-aligned-top txt is-layout-flow wp-block-column-is-layout-flow\">\n<h2 class=\"wp-block-heading\">Do you want to become<br><\/h2>\n\n\n\n<h2 class=\"wp-block-heading\">our distributor?<\/h2>\n\n\n\n<p class=\"has-medium-font-size\">If you are interested in adding our 100% organic and innovative products to your portfolio<\/p>\n\n\n\n<p class=\"has-text-color has-link-color has-medium-font-size wp-elements-41b502aca48546c418d8e5b9c409f964\" style=\"color:#97cc34\"><strong><em>Don\u00b4t hesitate to contact us<\/em><\/strong><\/p>\n\n\n\n<p class=\"has-medium-font-size\">Our commercial department will assist you as soon as possible<a href=\"https:\/\/www.ficosterra.com\/en\/b2bmaretech-en\/\"><strong><span lang=\"EN-US\" style=\"font-size:14.0pt;\nfont-family:&quot;Arial&quot;,sans-serif;mso-bidi-font-family:&quot;Arial Unicode MS&quot;;\nmso-ansi-language:EN-US\"><\/span><br><\/strong><\/a><\/p>\n\n\n\n<div class=\"wp-block-buttons is-content-justification-left is-layout-flex wp-container-core-buttons-is-layout-578ad838 wp-block-buttons-is-layout-flex\">\n<div class=\"wp-block-button\"><a class=\"wp-block-button__link has-white-background-color has-text-color has-background has-link-color has-text-align-center wp-element-button\" href=\"https:\/\/www.ficosterra.com\/contact\/\" style=\"color:#97cc34\">\u00a1Contact!<\/a><\/div>\n<\/div>\n<\/div>\n\n\n\n<div class=\"wp-block-column foto is-layout-flow wp-block-column-is-layout-flow\"><\/div>\n<\/div>\n<\/div><\/section>\n","protected":false},"excerpt":{"rendered":"<p>contact Espa\u00f1a:\u00a0Tel:\u00a0+34 947 13 50 39 Contact us Responsable:&nbsp;Ficosterra,SL &#8211;&nbsp;Finalidad:&nbsp;Prestar servicios solicitados y enviar comunicaciones<span class=\"excerpt-hellip\"> [\u2026]<\/span><\/p>\n","protected":false},"author":42,"featured_media":0,"parent":0,"menu_order":0,"comment_status":"closed","ping_status":"closed","template":"","meta":{"_acf_changed":false,"_joinchat":[],"footnotes":""},"class_list":["post-9597","page","type-page","status-publish","hentry"],"acf":[],"yoast_head":"<!-- This site is optimized with the Yoast SEO plugin v27.5 - https:\/\/yoast.com\/product\/yoast-seo-wordpress\/ -->\n<title>contact - Ficosterra - Biotecnolog\u00eda para Agricultura<\/title>\n<meta name=\"robots\" content=\"index, follow, max-snippet:-1, max-image-preview:large, max-video-preview:-1\" \/>\n<link rel=\"canonical\" href=\"https:\/\/www.ficosterra.com\/en\/contact\/\" \/>\n<meta property=\"og:locale\" content=\"en_US\" \/>\n<meta property=\"og:type\" content=\"article\" \/>\n<meta property=\"og:title\" content=\"contact - Ficosterra - Biotecnolog\u00eda para Agricultura\" \/>\n<meta property=\"og:description\" content=\"contact Espa\u00f1a:\u00a0Tel:\u00a0+34 947 13 50 39 Contact us Responsable:&nbsp;Ficosterra,SL &#8211;&nbsp;Finalidad:&nbsp;Prestar servicios solicitados y enviar comunicaciones [\u2026]\" \/>\n<meta property=\"og:url\" content=\"https:\/\/www.ficosterra.com\/en\/contact\/\" \/>\n<meta property=\"og:site_name\" content=\"Ficosterra - Biotecnolog\u00eda para Agricultura\" \/>\n<meta property=\"article:publisher\" content=\"https:\/\/www.facebook.com\/ficosterra.ficos\" \/>\n<meta property=\"article:modified_time\" content=\"2026-01-27T14:48:19+00:00\" \/>\n<meta name=\"twitter:card\" content=\"summary_large_image\" \/>\n<meta name=\"twitter:site\" content=\"@ficosterra\" \/>\n<meta name=\"twitter:label1\" content=\"Est. reading time\" \/>\n\t<meta name=\"twitter:data1\" content=\"1 minute\" \/>\n<script type=\"application\/ld+json\" class=\"yoast-schema-graph\">{\"@context\":\"https:\\\/\\\/schema.org\",\"@graph\":[{\"@type\":\"WebPage\",\"@id\":\"https:\\\/\\\/www.ficosterra.com\\\/en\\\/contact\\\/\",\"url\":\"https:\\\/\\\/www.ficosterra.com\\\/en\\\/contact\\\/\",\"name\":\"contact - Ficosterra - Biotecnolog\u00eda para Agricultura\",\"isPartOf\":{\"@id\":\"https:\\\/\\\/www.ficosterra.com\\\/en\\\/#website\"},\"datePublished\":\"2020-12-18T16:08:02+00:00\",\"dateModified\":\"2026-01-27T14:48:19+00:00\",\"breadcrumb\":{\"@id\":\"https:\\\/\\\/www.ficosterra.com\\\/en\\\/contact\\\/#breadcrumb\"},\"inLanguage\":\"en-US\",\"potentialAction\":[{\"@type\":\"ReadAction\",\"target\":[\"https:\\\/\\\/www.ficosterra.com\\\/en\\\/contact\\\/\"]}]},{\"@type\":\"BreadcrumbList\",\"@id\":\"https:\\\/\\\/www.ficosterra.com\\\/en\\\/contact\\\/#breadcrumb\",\"itemListElement\":[{\"@type\":\"ListItem\",\"position\":1,\"name\":\"Portada\",\"item\":\"https:\\\/\\\/www.ficosterra.com\\\/en\\\/\"},{\"@type\":\"ListItem\",\"position\":2,\"name\":\"contact\"}]},{\"@type\":\"WebSite\",\"@id\":\"https:\\\/\\\/www.ficosterra.com\\\/en\\\/#website\",\"url\":\"https:\\\/\\\/www.ficosterra.com\\\/en\\\/\",\"name\":\"Ficosterra - Biotecnolog\u00eda para la Agricultura\",\"description\":\"Abonos y biofertilizantes, 100% vegetales y ecol\u00f3gicos , con algas y microorganismos\",\"publisher\":{\"@id\":\"https:\\\/\\\/www.ficosterra.com\\\/en\\\/#organization\"},\"potentialAction\":[{\"@type\":\"SearchAction\",\"target\":{\"@type\":\"EntryPoint\",\"urlTemplate\":\"https:\\\/\\\/www.ficosterra.com\\\/en\\\/?s={search_term_string}\"},\"query-input\":{\"@type\":\"PropertyValueSpecification\",\"valueRequired\":true,\"valueName\":\"search_term_string\"}}],\"inLanguage\":\"en-US\"},{\"@type\":\"Organization\",\"@id\":\"https:\\\/\\\/www.ficosterra.com\\\/en\\\/#organization\",\"name\":\"Ficosterra - Biotecnolog\u00eda para la Agricultura\",\"url\":\"https:\\\/\\\/www.ficosterra.com\\\/en\\\/\",\"logo\":{\"@type\":\"ImageObject\",\"inLanguage\":\"en-US\",\"@id\":\"https:\\\/\\\/www.ficosterra.com\\\/en\\\/#\\\/schema\\\/logo\\\/image\\\/\",\"url\":\"https:\\\/\\\/www.ficosterra.com\\\/wp-content\\\/uploads\\\/2023\\\/02\\\/2020-Ficosterra-biotecnologia-marina-para-la-agricultura-2@2x-100.jpg\",\"contentUrl\":\"https:\\\/\\\/www.ficosterra.com\\\/wp-content\\\/uploads\\\/2023\\\/02\\\/2020-Ficosterra-biotecnologia-marina-para-la-agricultura-2@2x-100.jpg\",\"width\":1068,\"height\":240,\"caption\":\"Ficosterra - Biotecnolog\u00eda para la Agricultura\"},\"image\":{\"@id\":\"https:\\\/\\\/www.ficosterra.com\\\/en\\\/#\\\/schema\\\/logo\\\/image\\\/\"},\"sameAs\":[\"https:\\\/\\\/www.facebook.com\\\/ficosterra.ficos\",\"https:\\\/\\\/x.com\\\/ficosterra\",\"https:\\\/\\\/www.instagram.com\\\/ficosterra\\\/\",\"https:\\\/\\\/www.linkedin.com\\\/company\\\/ficosterra\\\/\",\"https:\\\/\\\/www.youtube.com\\\/channel\\\/UCOSVf1ECxkdZXbRjMw1wDwA\"]}]}<\/script>\n<!-- \/ Yoast SEO plugin. -->","yoast_head_json":{"title":"contact - Ficosterra - Biotecnolog\u00eda para Agricultura","robots":{"index":"index","follow":"follow","max-snippet":"max-snippet:-1","max-image-preview":"max-image-preview:large","max-video-preview":"max-video-preview:-1"},"canonical":"https:\/\/www.ficosterra.com\/en\/contact\/","og_locale":"en_US","og_type":"article","og_title":"contact - Ficosterra - Biotecnolog\u00eda para Agricultura","og_description":"contact Espa\u00f1a:\u00a0Tel:\u00a0+34 947 13 50 39 Contact us Responsable:&nbsp;Ficosterra,SL &#8211;&nbsp;Finalidad:&nbsp;Prestar servicios solicitados y enviar comunicaciones [\u2026]","og_url":"https:\/\/www.ficosterra.com\/en\/contact\/","og_site_name":"Ficosterra - Biotecnolog\u00eda para Agricultura","article_publisher":"https:\/\/www.facebook.com\/ficosterra.ficos","article_modified_time":"2026-01-27T14:48:19+00:00","twitter_card":"summary_large_image","twitter_site":"@ficosterra","twitter_misc":{"Est. reading time":"1 minute"},"schema":{"@context":"https:\/\/schema.org","@graph":[{"@type":"WebPage","@id":"https:\/\/www.ficosterra.com\/en\/contact\/","url":"https:\/\/www.ficosterra.com\/en\/contact\/","name":"contact - Ficosterra - Biotecnolog\u00eda para Agricultura","isPartOf":{"@id":"https:\/\/www.ficosterra.com\/en\/#website"},"datePublished":"2020-12-18T16:08:02+00:00","dateModified":"2026-01-27T14:48:19+00:00","breadcrumb":{"@id":"https:\/\/www.ficosterra.com\/en\/contact\/#breadcrumb"},"inLanguage":"en-US","potentialAction":[{"@type":"ReadAction","target":["https:\/\/www.ficosterra.com\/en\/contact\/"]}]},{"@type":"BreadcrumbList","@id":"https:\/\/www.ficosterra.com\/en\/contact\/#breadcrumb","itemListElement":[{"@type":"ListItem","position":1,"name":"Portada","item":"https:\/\/www.ficosterra.com\/en\/"},{"@type":"ListItem","position":2,"name":"contact"}]},{"@type":"WebSite","@id":"https:\/\/www.ficosterra.com\/en\/#website","url":"https:\/\/www.ficosterra.com\/en\/","name":"Ficosterra - Biotecnolog\u00eda para la Agricultura","description":"Abonos y biofertilizantes, 100% vegetales y ecol\u00f3gicos , con algas y microorganismos","publisher":{"@id":"https:\/\/www.ficosterra.com\/en\/#organization"},"potentialAction":[{"@type":"SearchAction","target":{"@type":"EntryPoint","urlTemplate":"https:\/\/www.ficosterra.com\/en\/?s={search_term_string}"},"query-input":{"@type":"PropertyValueSpecification","valueRequired":true,"valueName":"search_term_string"}}],"inLanguage":"en-US"},{"@type":"Organization","@id":"https:\/\/www.ficosterra.com\/en\/#organization","name":"Ficosterra - Biotecnolog\u00eda para la Agricultura","url":"https:\/\/www.ficosterra.com\/en\/","logo":{"@type":"ImageObject","inLanguage":"en-US","@id":"https:\/\/www.ficosterra.com\/en\/#\/schema\/logo\/image\/","url":"https:\/\/www.ficosterra.com\/wp-content\/uploads\/2023\/02\/2020-Ficosterra-biotecnologia-marina-para-la-agricultura-2@2x-100.jpg","contentUrl":"https:\/\/www.ficosterra.com\/wp-content\/uploads\/2023\/02\/2020-Ficosterra-biotecnologia-marina-para-la-agricultura-2@2x-100.jpg","width":1068,"height":240,"caption":"Ficosterra - Biotecnolog\u00eda para la Agricultura"},"image":{"@id":"https:\/\/www.ficosterra.com\/en\/#\/schema\/logo\/image\/"},"sameAs":["https:\/\/www.facebook.com\/ficosterra.ficos","https:\/\/x.com\/ficosterra","https:\/\/www.instagram.com\/ficosterra\/","https:\/\/www.linkedin.com\/company\/ficosterra\/","https:\/\/www.youtube.com\/channel\/UCOSVf1ECxkdZXbRjMw1wDwA"]}]}},"_links":{"self":[{"href":"https:\/\/www.ficosterra.com\/en\/wp-json\/wp\/v2\/pages\/9597","targetHints":{"allow":["GET"]}}],"collection":[{"href":"https:\/\/www.ficosterra.com\/en\/wp-json\/wp\/v2\/pages"}],"about":[{"href":"https:\/\/www.ficosterra.com\/en\/wp-json\/wp\/v2\/types\/page"}],"author":[{"embeddable":true,"href":"https:\/\/www.ficosterra.com\/en\/wp-json\/wp\/v2\/users\/42"}],"replies":[{"embeddable":true,"href":"https:\/\/www.ficosterra.com\/en\/wp-json\/wp\/v2\/comments?post=9597"}],"version-history":[{"count":1,"href":"https:\/\/www.ficosterra.com\/en\/wp-json\/wp\/v2\/pages\/9597\/revisions"}],"predecessor-version":[{"id":21895,"href":"https:\/\/www.ficosterra.com\/en\/wp-json\/wp\/v2\/pages\/9597\/revisions\/21895"}],"wp:attachment":[{"href":"https:\/\/www.ficosterra.com\/en\/wp-json\/wp\/v2\/media?parent=9597"}],"curies":[{"name":"wp","href":"https:\/\/api.w.org\/{rel}","templated":true}]}}